{"id":1786,"date":"2021-12-14T12:23:42","date_gmt":"2021-12-14T11:23:42","guid":{"rendered":"https:\/\/edicic.org\/pt\/?page_id=1786"},"modified":"2025-11-24T12:15:08","modified_gmt":"2025-11-24T15:15:08","slug":"grupos-regionales-y-de-trabajo","status":"publish","type":"page","link":"https:\/\/edicic.org\/pt\/grupos-regionales-y-de-trabajo\/","title":{"rendered":"Grupos Regionais e Grupos de Trabalho"},"content":{"rendered":"<div class=\"fusion-fullwidth fullwidth-box fusion-builder-row-1 fusion-flex-container nonhundred-percent-fullwidth non-hundred-percent-height-scrolling\" style=\"background-color: #faf9f8;background-position: left top;background-repeat: no-repeat;border-width: 0px 0px 0px 0px;border-color:#e7e4e2;border-style:solid;\" ><div class=\"fusion-builder-row fusion-row fusion-flex-align-items-flex-start\" style=\"max-width:1331.2px;margin-left: calc(-4% \/ 2 );margin-right: calc(-4% \/ 2 );\"><div class=\"fusion-layout-column fusion_builder_column fusion-builder-column-0 fusion_builder_column_1_2 1_2 fusion-flex-column\"><div class=\"fusion-column-wrapper fusion-flex-justify-content-flex-start fusion-content-layout-column\" style=\"background-position:left top;background-blend-mode: overlay;background-repeat:no-repeat;-webkit-background-size:cover;-moz-background-size:cover;-o-background-size:cover;background-size:cover;padding: 0px 0px 0px 0px;\"><div style=\"text-align:center;\"><style>.fusion-imageframe.imageframe-1{ margin-bottom : 32px;}<\/style><span class=\" fusion-imageframe imageframe-none imageframe-1 hover-type-none\"><img decoding=\"async\" width=\"1024\" height=\"762\" title=\"Screen Shot 2022-01-25 at 09.49.48\" src=\"https:\/\/edicic.org\/pt\/wp-content\/uploads\/2022\/01\/Screen-Shot-2022-01-25-at-09.49.48.png\" data-orig-src=\"https:\/\/edicic.org\/wp-content\/uploads\/2022\/01\/Screen-Shot-2022-01-25-at-09.49.48-1024x762.png\" alt class=\"lazyload img-responsive wp-image-2172\" srcset=\"data:image\/svg+xml,%3Csvg%20xmlns%3D%27http%3A%2F%2Fwww.w3.org%2F2000%2Fsvg%27%20width%3D%272186%27%20height%3D%271626%27%20viewBox%3D%270%200%202186%201626%27%3E%3Crect%20width%3D%272186%27%20height%3D%271626%27%20fill-opacity%3D%220%22%2F%3E%3C%2Fsvg%3E\" data-srcset=\"https:\/\/edicic.org\/pt\/wp-content\/uploads\/2022\/01\/Screen-Shot-2022-01-25-at-09.49.48-200x149.png 200w, https:\/\/edicic.org\/pt\/wp-content\/uploads\/2022\/01\/Screen-Shot-2022-01-25-at-09.49.48-400x298.png 400w, https:\/\/edicic.org\/pt\/wp-content\/uploads\/2022\/01\/Screen-Shot-2022-01-25-at-09.49.48-600x446.png 600w, https:\/\/edicic.org\/pt\/wp-content\/uploads\/2022\/01\/Screen-Shot-2022-01-25-at-09.49.48-800x595.png 800w, https:\/\/edicic.org\/pt\/wp-content\/uploads\/2022\/01\/Screen-Shot-2022-01-25-at-09.49.48-1200x893.png 1200w, https:\/\/edicic.org\/pt\/wp-content\/uploads\/2022\/01\/Screen-Shot-2022-01-25-at-09.49.48.png 2186w\" data-sizes=\"auto\" data-orig-sizes=\"(max-width: 1024px) 100vw, (max-width: 640px) 100vw, 800px\" \/><\/span><\/div><style type=\"text\/css\">@media only screen and (max-width:1024px) {.fusion-title.fusion-title-1{margin-top:10px!important; margin-right:0px!important;margin-bottom:20px!important;margin-left:0px!important;}}@media only screen and (max-width:640px) {.fusion-title.fusion-title-1{margin-top:10px!important; margin-right:0px!important;margin-bottom:20px!important; margin-left:0px!important;}}<\/style><div class=\"fusion-title title fusion-title-1 fusion-sep-none fusion-title-center fusion-title-text fusion-title-size-one\" style=\"margin-top:10px;margin-right:0px;margin-bottom:20px;margin-left:0px;\"><h1 class=\"title-heading-center fusion-responsive-typography-calculated\" style=\"margin:0;--fontSize:55;line-height:1.15;\">Grupos Regionais<\/h1><\/div><div class=\"fusion-separator\" style=\"align-self: center;margin-left: auto;margin-right: auto;margin-top:15px;margin-bottom:60px;width:100%;max-width:170px;\"><div class=\"fusion-separator-border sep-single sep-solid\" style=\"border-color:#ef9a3d;border-top-width:1px;\"><\/div><\/div><div class=\"fusion-text fusion-text-1\"><h3 class=\"\" style=\"--fontsize: 24; line-height: 1.4;\" data-fontsize=\"24\" data-lineheight=\"33.6px\"><span class=\"palette-color2-2\"><strong>Grupo Regional Andino<\/strong><\/span><strong><br \/>\n<\/strong><\/h3>\n<p><strong>Integrado por: <\/strong>Bol\u00edvia, Col\u00f4mbia, Equador e Per\u00fa<br \/>\n<strong>Coordena\u00e7\u00e3o: <\/strong>Mar\u00eda Teresa M\u00fanera Torres &#8211; Universidad de Antioquia (UdeA) &#8211; Medell\u00edn &#8211; Col\u00f4mbia<br \/>\n<strong>Contato:<\/strong> <span class=\"palette-color2-1\"><span class=\"apple-converted-space\"><a href=\"mailto:grandino@edicic.org\" target=\"_blank\" rel=\"noopener noreferrer\">grandino@edicic.org<\/a><\/span><\/span><\/p>\n<h3 class=\"\" style=\"--fontsize: 24; line-height: 1.4;\" data-fontsize=\"24\" data-lineheight=\"33.6px\"><strong><span class=\"palette-color2-2\">Grupo Regional Ib\u00e9rico<\/span><\/strong><\/h3>\n<p><strong>Integrado por:<\/strong> Espanha e Portugal<br \/>\n<strong>Coordena\u00e7\u00e3o: <\/strong>Mar\u00eda del Carmen Agust\u00edn Lacruz &#8211; Universidad de Zaragoza (UNIZAR) &#8211; Zaragoza &#8211; Espanha<strong><br \/>\nContato:<\/strong> <span class=\"palette-color2-1\"><span class=\"apple-converted-space\"><a class=\" link\" href=\"mailto:griberico@edicic.org\" target=\"_blank\" rel=\"noopener\">griberico@edicic.org<\/a><\/span><\/span><\/p>\n<h3 class=\"\" style=\"--fontsize: 24; line-height: 1.4;\" data-fontsize=\"24\" data-lineheight=\"33.6px\"><strong><span class=\"palette-color2-2\">Grupo Regional Mercosul<\/span><\/strong><\/h3>\n<p><span class=\"palette-color3-2\"><strong>Integrado por:<\/strong> Argentina, Brasil, Chile, Paraguai, Uruguai e Venezuela<br \/>\n<\/span><span class=\"palette-color3-2\"><strong>Coordena\u00e7\u00e3o:<\/strong> Yanet Fuster &#8211; Universidad de la Rep\u00fablica (UDELAR) &#8211; Montevid\u00e9u &#8211; Uruguai<br \/>\n<\/span><span class=\"palette-color3-2\"><strong>Contato: <\/strong><a href=\"mailto:grmercosur@edicic.org\" target=\"_blank\" rel=\"noopener noreferrer\">grmercosur@edicic.org<\/a><\/span><\/p>\n<h3 class=\"\" style=\"--fontsize: 24; line-height: 1.4;\" data-fontsize=\"24\" data-lineheight=\"33.6px\"><strong><span class=\"palette-color2-2\">Grupo Regional de M\u00e9xico, Centroam\u00e9rica y El Caribe<\/span><\/strong><\/h3>\n<p><strong>Integrado por:<\/strong> Costa Rica, Cuba, El Salvador, Guatemala, Jamaica, M\u00e9xico, Panam\u00e1 e Porto Rico<br \/>\n<strong>Coordena\u00e7\u00e3o:<\/strong> Carlos Su\u00e1rez Balseiro &#8211; Universidad de Puerto Rico (UPR) &#8211; Puerto Rico<br \/>\n<strong>Contato:<\/strong> <a href=\"mailto:grmxcayec@edicic.org\" target=\"_blank\" rel=\"noopener noreferrer\">grmxcayec@edicic.org<\/a><\/p>\n<\/div><\/div><style type=\"text\/css\">.fusion-body .fusion-builder-column-0{width:50% !important;margin-top : 10px;margin-bottom : 30px;}.fusion-builder-column-0 > .fusion-column-wrapper {padding-top : 0px !important;padding-right : 0px !important;margin-right : 3.84%;padding-bottom : 0px !important;padding-left : 0px !important;margin-left : 3.84%;}@media only screen and (max-width:1024px) {.fusion-body .fusion-builder-column-0{width:100% !important;}.fusion-builder-column-0 > .fusion-column-wrapper {margin-right : 1.92%;margin-left : 1.92%;}}@media only screen and (max-width:640px) {.fusion-body .fusion-builder-column-0{width:100% !important;margin-bottom : 0px;}.fusion-builder-column-0 > .fusion-column-wrapper {margin-right : 1.92%;margin-left : 1.92%;}}<\/style><\/div><div class=\"fusion-layout-column fusion_builder_column fusion-builder-column-1 fusion_builder_column_1_2 1_2 fusion-flex-column\"><div class=\"fusion-column-wrapper fusion-flex-justify-content-flex-start fusion-content-layout-column\" style=\"background-position:left top;background-blend-mode: overlay;background-repeat:no-repeat;-webkit-background-size:cover;-moz-background-size:cover;-o-background-size:cover;background-size:cover;padding: 0px 0px 0px 0px;\"><div style=\"text-align:center;\"><style>.fusion-imageframe.imageframe-2{ margin-bottom : 32px;}<\/style><span class=\" fusion-imageframe imageframe-none imageframe-2 hover-type-none\"><img decoding=\"async\" width=\"1024\" height=\"692\" title=\"Screen Shot 2022-01-25 at 09.51.34\" src=\"https:\/\/edicic.org\/pt\/wp-content\/uploads\/2022\/01\/Screen-Shot-2022-01-25-at-09.51.34.png\" data-orig-src=\"https:\/\/edicic.org\/wp-content\/uploads\/2022\/01\/Screen-Shot-2022-01-25-at-09.51.34-1024x692.png\" alt class=\"lazyload img-responsive wp-image-2171\" srcset=\"data:image\/svg+xml,%3Csvg%20xmlns%3D%27http%3A%2F%2Fwww.w3.org%2F2000%2Fsvg%27%20width%3D%272402%27%20height%3D%271624%27%20viewBox%3D%270%200%202402%201624%27%3E%3Crect%20width%3D%272402%27%20height%3D%271624%27%20fill-opacity%3D%220%22%2F%3E%3C%2Fsvg%3E\" data-srcset=\"https:\/\/edicic.org\/pt\/wp-content\/uploads\/2022\/01\/Screen-Shot-2022-01-25-at-09.51.34-200x135.png 200w, https:\/\/edicic.org\/pt\/wp-content\/uploads\/2022\/01\/Screen-Shot-2022-01-25-at-09.51.34-400x270.png 400w, https:\/\/edicic.org\/pt\/wp-content\/uploads\/2022\/01\/Screen-Shot-2022-01-25-at-09.51.34-600x406.png 600w, https:\/\/edicic.org\/pt\/wp-content\/uploads\/2022\/01\/Screen-Shot-2022-01-25-at-09.51.34-800x541.png 800w, https:\/\/edicic.org\/pt\/wp-content\/uploads\/2022\/01\/Screen-Shot-2022-01-25-at-09.51.34-1200x811.png 1200w, https:\/\/edicic.org\/pt\/wp-content\/uploads\/2022\/01\/Screen-Shot-2022-01-25-at-09.51.34.png 2402w\" data-sizes=\"auto\" data-orig-sizes=\"(max-width: 1024px) 100vw, (max-width: 640px) 100vw, 800px\" \/><\/span><\/div><style type=\"text\/css\">@media only screen and (max-width:1024px) {.fusion-title.fusion-title-2{margin-top:50px!important; margin-right:0px!important;margin-bottom:20px!important;margin-left:0px!important;}}@media only screen and (max-width:640px) {.fusion-title.fusion-title-2{margin-top:10px!important; margin-right:0px!important;margin-bottom:20px!important; margin-left:0px!important;}}<\/style><div class=\"fusion-title title fusion-title-2 fusion-sep-none fusion-title-center fusion-title-text fusion-title-size-one\" style=\"margin-top:50px;margin-right:0px;margin-bottom:20px;margin-left:0px;\"><h1 class=\"title-heading-center fusion-responsive-typography-calculated\" style=\"margin:0;--fontSize:55;line-height:1.15;\">Grupos de Trabalho<\/h1><\/div><div class=\"fusion-separator\" style=\"align-self: center;margin-left: auto;margin-right: auto;margin-top:15px;margin-bottom:60px;width:100%;max-width:170px;\"><div class=\"fusion-separator-border sep-single sep-solid\" style=\"border-color:#ef9a3d;border-top-width:1px;\"><\/div><\/div><div class=\"fusion-text fusion-text-2\"><p><strong>Diretrizes Gerais \u2013 Grupos de Trabalho (Tem\u00e1ticos)<\/strong><\/p>\n<ul>\n<li style=\"--fontsize: 24; line-height: 1.4;\"><span style=\"font-family: var(--body_typography-font-family);\"><span style=\"font-style: var(--body_typography-font-style,normal); font-weight: var(--body_typography-font-weight); letter-spacing: var(--body_typography-letter-spacing);\"><a href=\"https:\/\/edicic.org\/pt\/wp-content\/uploads\/2022\/02\/Diretrizes_Grupo_Trabalho.pdf\" target=\"_blank\" rel=\"noopener noreferrer\">Diretrizes para constitui\u00e7\u00e3o de Grupos de Trabalho<\/a><\/span><\/span><\/li>\n<\/ul>\n<p><strong>GT \u2013 Apoio aos Editores de Revistas Cient\u00edficas da \u00c1rea<\/strong><\/p>\n<p><strong>Coordenadores:<\/strong> Yanet Fuster e Carlos Su\u00e1rez Balseiro<\/p>\n<p><strong>Membros:<\/strong> Alma Beatriz Rivera Aguilera; Daniel Mart\u00ednez \u00c1vila; Egbert John S\u00e1nchez Vanderkast; Maria de Jes\u00fas Madera Jaramillo; Mar\u00eda Luisa Lascur\u00e1in S\u00e1nchez; Marta L\u00edgia Pomim Valentim; Oswaldo Francisco de Almeida J\u00fanior.<\/p>\n<\/div><\/div><style type=\"text\/css\">.fusion-body .fusion-builder-column-1{width:50% !important;margin-top : 10px;margin-bottom : 30px;}.fusion-builder-column-1 > .fusion-column-wrapper {padding-top : 0px !important;padding-right : 0px !important;margin-right : 3.84%;padding-bottom : 0px !important;padding-left : 0px !important;margin-left : 3.84%;}@media only screen and (max-width:1024px) {.fusion-body .fusion-builder-column-1{width:100% !important;}.fusion-builder-column-1 > .fusion-column-wrapper {margin-right : 1.92%;margin-left : 1.92%;}}@media only screen and (max-width:640px) {.fusion-body .fusion-builder-column-1{width:100% !important;margin-bottom : 0px;}.fusion-builder-column-1 > .fusion-column-wrapper {margin-right : 1.92%;margin-left : 1.92%;}}<\/style><\/div><div class=\"fusion-layout-column fusion_builder_column fusion-builder-column-2 fusion_builder_column_1_6 1_6 fusion-flex-column fusion-no-small-visibility\"><div class=\"fusion-column-wrapper fusion-flex-justify-content-flex-start fusion-content-layout-column\" style=\"background-position:left top;background-blend-mode: overlay;background-repeat:no-repeat;-webkit-background-size:cover;-moz-background-size:cover;-o-background-size:cover;background-size:cover;padding: 0px 0px 0px 0px;\"><\/div><style type=\"text\/css\">.fusion-body .fusion-builder-column-2{width:16.666666666667% !important;margin-top : 10px;margin-bottom : 10px;}.fusion-builder-column-2 > .fusion-column-wrapper {padding-top : 0px !important;padding-right : 0px !important;margin-right : 11.52%;padding-bottom : 0px !important;padding-left : 0px !important;margin-left : 11.52%;}@media only screen and (max-width:1024px) {.fusion-body .fusion-builder-column-2{width:100% !important;}.fusion-builder-column-2 > .fusion-column-wrapper {margin-right : 1.92%;margin-left : 1.92%;}}@media only screen and (max-width:640px) {.fusion-body .fusion-builder-column-2{width:100% !important;}.fusion-builder-column-2 > .fusion-column-wrapper {margin-right : 1.92%;margin-left : 1.92%;}}<\/style><\/div><\/div><style type=\"text\/css\">.fusion-fullwidth.fusion-builder-row-1 a:not(.awb-custom-text-color):not(.fusion-button):not(.fusion-builder-module-control):not(.fusion-social-network-icon):not(.fb-icon-element):not(.fusion-countdown-link):not(.fusion-rollover-link):not(.fusion-rollover-gallery):not(.fusion-button-bar):not(.add_to_cart_button):not(.show_details_button):not(.product_type_external):not(.fusion-view-cart):not(.fusion-quick-view):not(.fusion-rollover-title-link):not(.fusion-breadcrumb-link) , .fusion-fullwidth.fusion-builder-row-1 a:not(.awb-custom-text-color):not(.fusion-button):not(.fusion-builder-module-control):not(.fusion-social-network-icon):not(.fb-icon-element):not(.fusion-countdown-link):not(.fusion-rollover-link):not(.fusion-rollover-gallery):not(.fusion-button-bar):not(.add_to_cart_button):not(.show_details_button):not(.product_type_external):not(.fusion-view-cart):not(.fusion-quick-view):not(.fusion-rollover-title-link):not(.fusion-breadcrumb-link):before, .fusion-fullwidth.fusion-builder-row-1 a:not(.awb-custom-text-color):not(.fusion-button):not(.fusion-builder-module-control):not(.fusion-social-network-icon):not(.fb-icon-element):not(.fusion-countdown-link):not(.fusion-rollover-link):not(.fusion-rollover-gallery):not(.fusion-button-bar):not(.add_to_cart_button):not(.show_details_button):not(.product_type_external):not(.fusion-view-cart):not(.fusion-quick-view):not(.fusion-rollover-title-link):not(.fusion-breadcrumb-link):after {color: var(--awb-color4);}.fusion-fullwidth.fusion-builder-row-1 a:not(.awb-custom-text-hover-color):not(.fusion-button):not(.fusion-builder-module-control):not(.fusion-social-network-icon):not(.fb-icon-element):not(.fusion-countdown-link):not(.fusion-rollover-link):not(.fusion-rollover-gallery):not(.fusion-button-bar):not(.add_to_cart_button):not(.show_details_button):not(.product_type_external):not(.fusion-view-cart):not(.fusion-quick-view):not(.fusion-rollover-title-link):not(.fusion-breadcrumb-link):hover, .fusion-fullwidth.fusion-builder-row-1 a:not(.awb-custom-text-hover-color):not(.fusion-button):not(.fusion-builder-module-control):not(.fusion-social-network-icon):not(.fb-icon-element):not(.fusion-countdown-link):not(.fusion-rollover-link):not(.fusion-rollover-gallery):not(.fusion-button-bar):not(.add_to_cart_button):not(.show_details_button):not(.product_type_external):not(.fusion-view-cart):not(.fusion-quick-view):not(.fusion-rollover-title-link):not(.fusion-breadcrumb-link):hover:before, .fusion-fullwidth.fusion-builder-row-1 a:not(.awb-custom-text-hover-color):not(.fusion-button):not(.fusion-builder-module-control):not(.fusion-social-network-icon):not(.fb-icon-element):not(.fusion-countdown-link):not(.fusion-rollover-link):not(.fusion-rollover-gallery):not(.fusion-button-bar):not(.add_to_cart_button):not(.show_details_button):not(.product_type_external):not(.fusion-view-cart):not(.fusion-quick-view):not(.fusion-rollover-title-link):not(.fusion-breadcrumb-link):hover:after {color: var(--awb-color4);}.fusion-fullwidth.fusion-builder-row-1 .pagination a.inactive:hover, .fusion-fullwidth.fusion-builder-row-1 .fusion-filters .fusion-filter.fusion-active a {border-color: var(--awb-color4);}.fusion-fullwidth.fusion-builder-row-1 .pagination .current {border-color: var(--awb-color4); background-color: var(--awb-color4);}.fusion-fullwidth.fusion-builder-row-1 .fusion-filters .fusion-filter.fusion-active a, .fusion-fullwidth.fusion-builder-row-1 .fusion-date-and-formats .fusion-format-box, .fusion-fullwidth.fusion-builder-row-1 .fusion-popover, .fusion-fullwidth.fusion-builder-row-1 .tooltip-shortcode {color: var(--awb-color4);}#wrapper .fusion-fullwidth.fusion-builder-row-1 .fusion-widget-area .fusion-vertical-menu-widget .menu li.current_page_ancestor > a, #wrapper .fusion-fullwidth.fusion-builder-row-1 .fusion-widget-area .fusion-vertical-menu-widget .menu li.current_page_ancestor > a:before, #wrapper .fusion-fullwidth.fusion-builder-row-1 .fusion-widget-area .fusion-vertical-menu-widget .current-menu-item > a, #wrapper .fusion-fullwidth.fusion-builder-row-1 .fusion-widget-area .fusion-vertical-menu-widget .current-menu-item > a:before, #wrapper .fusion-fullwidth.fusion-builder-row-1 .fusion-widget-area .fusion-vertical-menu-widget .current_page_item > a, #wrapper .fusion-fullwidth.fusion-builder-row-1 .fusion-widget-area .fusion-vertical-menu-widget .current_page_item > a:before {color: var(--awb-color4);}#wrapper .fusion-fullwidth.fusion-builder-row-1 .fusion-widget-area .widget_nav_menu .menu li.current_page_ancestor > a, #wrapper .fusion-fullwidth.fusion-builder-row-1 .fusion-widget-area .widget_nav_menu .menu li.current_page_ancestor > a:before, #wrapper .fusion-fullwidth.fusion-builder-row-1 .fusion-widget-area .widget_nav_menu .current-menu-item > a, #wrapper .fusion-fullwidth.fusion-builder-row-1 .fusion-widget-area .widget_nav_menu .current-menu-item > a:before, #wrapper .fusion-fullwidth.fusion-builder-row-1 .fusion-widget-area .widget_nav_menu .current_page_item > a, #wrapper .fusion-fullwidth.fusion-builder-row-1 .fusion-widget-area .widget_nav_menu .current_page_item > a:before {color: var(--awb-color4);}#wrapper .fusion-fullwidth.fusion-builder-row-1 .fusion-vertical-menu-widget .menu li.current_page_item > a { border-right-color:var(--awb-color4);border-left-color:var(--awb-color4);}#wrapper .fusion-fullwidth.fusion-builder-row-1 .fusion-widget-area .tagcloud a:hover { color: #fff; background-color: var(--awb-color4);border-color: var(--awb-color4);}#main .fusion-fullwidth.fusion-builder-row-1 .post .blog-shortcode-post-title a:hover {color: var(--awb-color4);}.fusion-body .fusion-flex-container.fusion-builder-row-1{ padding-top : 30px;margin-top : 0px;padding-right : 0px;padding-bottom : 4%;margin-bottom : 0px;padding-left : 0px;}@media only screen and (max-width:1024px) {.fusion-body .fusion-flex-container.fusion-builder-row-1{ padding-bottom : 80px;}}@media only screen and (max-width:640px) {.fusion-body .fusion-flex-container.fusion-builder-row-1{ padding-top : 60px;}}<\/style><\/div>\n","protected":false},"excerpt":{"rendered":"","protected":false},"author":1,"featured_media":0,"parent":0,"menu_order":0,"comment_status":"closed","ping_status":"closed","template":"100-width.php","meta":{"content-type":"","footnotes":""},"class_list":["post-1786","page","type-page","status-publish","hentry"],"_links":{"self":[{"href":"https:\/\/edicic.org\/pt\/wp-json\/wp\/v2\/pages\/1786","targetHints":{"allow":["GET"]}}],"collection":[{"href":"https:\/\/edicic.org\/pt\/wp-json\/wp\/v2\/pages"}],"about":[{"href":"https:\/\/edicic.org\/pt\/wp-json\/wp\/v2\/types\/page"}],"author":[{"embeddable":true,"href":"https:\/\/edicic.org\/pt\/wp-json\/wp\/v2\/users\/1"}],"replies":[{"embeddable":true,"href":"https:\/\/edicic.org\/pt\/wp-json\/wp\/v2\/comments?post=1786"}],"version-history":[{"count":40,"href":"https:\/\/edicic.org\/pt\/wp-json\/wp\/v2\/pages\/1786\/revisions"}],"predecessor-version":[{"id":3367,"href":"https:\/\/edicic.org\/pt\/wp-json\/wp\/v2\/pages\/1786\/revisions\/3367"}],"wp:attachment":[{"href":"https:\/\/edicic.org\/pt\/wp-json\/wp\/v2\/media?parent=1786"}],"curies":[{"name":"wp","href":"https:\/\/api.w.org\/{rel}","templated":true}]}}